{"id":3482,"date":"2025-09-12T02:20:18","date_gmt":"2025-09-11T19:20:18","guid":{"rendered":"https:\/\/bcit.edu.vn\/?page_id=3482"},"modified":"2025-12-13T08:24:04","modified_gmt":"2025-12-13T01:24:04","slug":"trang-chu","status":"publish","type":"page","link":"https:\/\/bcit.edu.vn\/en\/","title":{"rendered":"Trang ch\u1ee7"},"content":{"rendered":"<p>Ch\u00e0o m\u1eebng \u0111\u1ebfn v\u1edbi <strong>TR\u01af\u1edcNG CAO \u0110\u1eb2NG K\u1ef8 THU\u1eacT C\u00d4NG NGHI\u1ec6P<\/strong>. \u0110\u00e2y l\u00e0 trang ch\u1ee7 hi\u1ec3n th\u1ecb t\u1ed5ng quan, kh\u1ed1i tin n\u1ed5i b\u1eadt v\u00e0 li\u00ean k\u1ebft nhanh.<\/p>\n","protected":false},"excerpt":{"rendered":"<p>Ch\u00e0o m\u1eebng \u0111\u1ebfn v\u1edbi TR\u01af\u1edcNG CAO \u0110\u1eb2NG K\u1ef8 THU\u1eacT C\u00d4NG NGHI\u1ec6P. \u0110\u00e2y l\u00e0 trang ch\u1ee7 hi\u1ec3n th\u1ecb t\u1ed5ng quan, kh\u1ed1i tin n\u1ed5i b\u1eadt v\u00e0 li\u00ean k\u1ebft nhanh.<\/p>\n","protected":false},"author":2,"featured_media":0,"parent":0,"menu_order":0,"comment_status":"closed","ping_status":"closed","template":"front-page.php","meta":{"_acf_changed":false,"footnotes":""},"class_list":["post-3482","page","type-page","status-publish","hentry"],"acf":[],"_links":{"self":[{"href":"https:\/\/bcit.edu.vn\/en\/wp-json\/wp\/v2\/pages\/3482","targetHints":{"allow":["GET"]}}],"collection":[{"href":"https:\/\/bcit.edu.vn\/en\/wp-json\/wp\/v2\/pages"}],"about":[{"href":"https:\/\/bcit.edu.vn\/en\/wp-json\/wp\/v2\/types\/page"}],"author":[{"embeddable":true,"href":"https:\/\/bcit.edu.vn\/en\/wp-json\/wp\/v2\/users\/2"}],"replies":[{"embeddable":true,"href":"https:\/\/bcit.edu.vn\/en\/wp-json\/wp\/v2\/comments?post=3482"}],"version-history":[{"count":4,"href":"https:\/\/bcit.edu.vn\/en\/wp-json\/wp\/v2\/pages\/3482\/revisions"}],"predecessor-version":[{"id":4057,"href":"https:\/\/bcit.edu.vn\/en\/wp-json\/wp\/v2\/pages\/3482\/revisions\/4057"}],"wp:attachment":[{"href":"https:\/\/bcit.edu.vn\/en\/wp-json\/wp\/v2\/media?parent=3482"}],"curies":[{"name":"wp","href":"https:\/\/api.w.org\/{rel}","templated":true}]}}